{"id":348,"date":"2022-06-24T07:45:36","date_gmt":"2022-06-24T07:45:36","guid":{"rendered":"https:\/\/topmegaline.pl\/?page_id=348"},"modified":"2022-06-24T07:45:36","modified_gmt":"2022-06-24T07:45:36","slug":"polityka","status":"publish","type":"page","link":"https:\/\/topmegaline.pl\/index.php\/polityka\/","title":{"rendered":"Polityka"},"content":{"rendered":"\n<p class=\"has-small-font-size\"><strong>Polityka prywatno\u015bci<\/strong><\/p>\n\n\n\n<p class=\"has-small-font-size\"><strong>Gromadzenie i przetwarzanie danych osobowych<\/strong><\/p>\n\n\n\n<p class=\"has-small-font-size\">Zgodnie z art.13 ust.1-2, art.14 ust. 1-2 Rozporz\u0105dzenia Parlamentu Europejskiego i Rady (UE) 2016\/679 z dnia 27 kwietnia 2016 roku w sprawie ochrony os\u00f3b fizycznych w zwi\u0105zku&nbsp;&nbsp;z przetwarzaniem danych osobowych i w sprawie swobodnego przep\u0142ywu takich informacji&nbsp;&nbsp;oraz uchylenia dyrektywy 95\/46\/WE (nazwa RODO) informujemy, \u017ce:<\/p>\n\n\n\n<p class=\"has-small-font-size\">1.&nbsp;Administratorem podanych danych osobowych jest: DOLPHIN Chemia Przemys\u0142owa&nbsp;Sp. z o.o.&nbsp;z siedzib\u0105 w Mys\u0142owicach ul. Karola Miarki,&nbsp;NIP 2220751301, Regon 278029399;<\/p>\n\n\n\n<p class=\"has-small-font-size\">2.&nbsp;&nbsp;&nbsp;&nbsp;Z Administratorem mo\u017cna kontaktowa\u0107 si\u0119 pisemnie, za pomoc\u0105 poczty tradycyjnej na adres:&nbsp;41-400 Mys\u0142owice ul. Karola Miarki&nbsp;lub e-mail:&nbsp;<a href=\"mailto:dolphin@dolphin.com.pl\"><strong>dolphin@dolphin.com.pl<\/strong><\/a><strong>;<\/strong><\/p>\n\n\n\n<p class=\"has-small-font-size\">3. Udost\u0119pnione nam danych za po\u015brednictwem formularza kontaktowego z naszej strony lub mailowo jest dobrowolne, lecz niezb\u0119dne do uzyskania oferty lub informacji i ewentualnej realizacji zam\u00f3wienia.<\/p>\n\n\n\n<p class=\"has-small-font-size\">4. DOLPHIN Chemia Przemys\u0142owa Sp. z o.o. przetwarza\u0107 b\u0119dzie podstawowe dane przekazane nam przez Pana\/Pani\u0105, w nast\u0119puj\u0105cych celach:<\/p>\n\n\n\n<p class=\"has-small-font-size\">\u2013&nbsp;&nbsp;&nbsp;&nbsp;&nbsp;wype\u0142nienia obowi\u0105zku prawnego ci\u0105\u017c\u0105cego na administratorze,<\/p>\n\n\n\n<p class=\"has-small-font-size\">\u2013&nbsp;&nbsp;&nbsp;&nbsp;&nbsp;realizacji zam\u00f3wienia,<\/p>\n\n\n\n<p class=\"has-small-font-size\">\u2013&nbsp;&nbsp;&nbsp;&nbsp;realizacji umowy lub dzia\u0142a\u0144 maj\u0105cych na celu zawarcie umowy,<\/p>\n\n\n\n<p class=\"has-small-font-size\">\u2013 dzia\u0142a\u0144 prowadzonych na podstawie prawnie uzasadnionego interesu Administratora&nbsp;(np. obrona i dochodzenie roszcze\u0144, windykacja nale\u017cno\u015bci, prowadzenie post\u0119powa\u0144 s\u0105dowych).<\/p>\n\n\n\n<p class=\"has-small-font-size\">\u2013&nbsp;&nbsp;&nbsp;dzia\u0142a\u0144 prowadzonych na podstawie zgody wyra\u017conej przez Ciebie&nbsp;&nbsp;<\/p>\n\n\n\n<p class=\"has-small-font-size\">5. Przekazane dane osobowe mog\u0105 zosta\u0107 przekazane naszym pracownikom, wsp\u00f3\u0142pracownikom, dystrybutorom, jak te\u017c podmiotom udzielaj\u0105cym wsparcia DOLPHIN Chemia Przemys\u0142owa Sp. z o.o. na zasadzie zleconych us\u0142ug i zgodnie z zawartymi umowami powierzenia.<\/p>\n\n\n\n<p class=\"has-small-font-size\"><strong>Prawa u\u017cytkownika<\/strong><\/p>\n\n\n\n<p class=\"has-small-font-size\">W zwi\u0105zku z przetwarzaniem Pani\/Pana danych osobowych przys\u0142uguje Pani\/Panu prawo do:&nbsp;<\/p>\n\n\n\n<p class=\"has-small-font-size\">\u2013 dost\u0119pu do tre\u015bci swoich danych,<\/p>\n\n\n\n<p class=\"has-small-font-size\">\u2013 poprawiania (sprostowania) swoich danych,<\/p>\n\n\n\n<p class=\"has-small-font-size\">\u2013 prawo \u017c\u0105dania usuni\u0119cia danych oraz ograniczenia przetwarzania danych,<\/p>\n\n\n\n<p class=\"has-small-font-size\">\u2013 prawo przenoszenia danych,<\/p>\n\n\n\n<p class=\"has-small-font-size\">\u2013 prawo wniesienia sprzeciwu<\/p>\n\n\n\n<p class=\"has-small-font-size\">Ma Pan\/Pani prawo wniesienie skargi do&nbsp;organu nadzoruj\u0105cego \u2013&nbsp;Prezesa Urz\u0119du Ochrony Danych Osobowych.<\/p>\n\n\n\n<p class=\"has-small-font-size\"><strong>Okres przechowywania<\/strong><\/p>\n\n\n\n<p class=\"has-small-font-size\">Przekazywane dane osobowe b\u0119d\u0105 przechowywane przez okres:<\/p>\n\n\n\n<p class=\"has-small-font-size\">\u2013&nbsp;&nbsp;istnienia prawnie uzasadnionego interesu realizowanego przez Administratora, nie d\u0142u\u017cej jednak ni\u017c przez okres przedawnienia roszcze\u0144 w stosunku do osoby, kt\u00f3rej dane dotycz\u0105, z tytu\u0142u prowadzonej&nbsp;&nbsp;przez Administratora dzia\u0142alno\u015bci gospodarczej,<\/p>\n\n\n\n<p class=\"has-small-font-size\">\u2013 przez okres niezb\u0119dny do wykonania, rozwi\u0105zania lub wyga\u015bni\u0119cia w inny spos\u00f3b zawartej umowy,<\/p>\n\n\n\n<p class=\"has-small-font-size\">\u2013 do momentu wycofania zgody przez osob\u0119, kt\u00f3rej dane dotycz\u0105 na dalsze przetwarzanie jej danych w tym celu.<\/p>\n\n\n\n<p class=\"has-small-font-size\"><strong>Ochrona danych<\/strong><\/p>\n\n\n\n<p class=\"has-small-font-size\">Administrator dok\u0142ada wszelkich stara\u0144, aby przechowywanym danym osobowym zapewni\u0107 \u015brodki fizycznej, technicznej i organizacyjnej ochrony przed ich przypadkowym czy umy\u015blnym zniszczeniem, przypadkow\u0105 utrat\u0105, zmian\u0105, nieuprawnionym ujawnieniem, wykorzystaniem czy dost\u0119pem, zgodnie ze wszystkimi obowi\u0105zuj\u0105cymi przepisami.<\/p>\n\n\n\n<p class=\"has-small-font-size\"><strong>Pliki Cookies<\/strong><\/p>\n\n\n\n<p class=\"has-small-font-size\">Dolphin u\u017cywa plik\u00f3w cookie, aby oferowa\u0107 podstawow\u0105 afunkcjonalno\u015b\u0107 witryny internetowej i generowa\u0107 anonimowe statystyki dotycz\u0105ce u\u017cytkownik\u00f3w z wykorzystaniem narz\u0119dzi Google Analytics w celu udoskonalania zawarto\u015bci i funkcjonalno\u015bci witryny.<\/p>\n\n\n\n<p class=\"has-small-font-size\"><strong>Odno\u015bnik do innych stron<\/strong><\/p>\n\n\n\n<p class=\"has-small-font-size\">&nbsp;Na naszej stronie mog\u0105 pojawi\u0107 si\u0119 linki do innych stron internetowych. Takie strony dzia\u0142aj\u0105 niezale\u017cnie od Naszego serwisu, w zwi\u0105zku z tym nie ponosimy odpowiedzialno\u015bci za zasady zachowania prywatno\u015bci. Strony te mog\u0105 posiada\u0107 w\u0142asne polityki prywatno\u015bci oraz regulaminy, z kt\u00f3rymi zalecamy si\u0119 zapozna\u0107.<\/p>\n\n\n\n<p class=\"has-small-font-size\">Zmiany polityki prywatno\u015bci<\/p>\n\n\n\n<p class=\"has-small-font-size\">Wszelkie zmiany do Polityki Prywatno\u015bci zostan\u0105 zamieszczone na naszym serwisie internetowym.<\/p>\n\n\n\n<p class=\"has-small-font-size\">\u00a0Ostatnia modyfikacja mia\u0142a miejsce w dniu 24.06.2022<\/p>\n","protected":false},"excerpt":{"rendered":"<p>Polityka prywatno\u015bci Gromadzenie i przetwarzanie danych osobowych Zgodnie z art.13 ust.1-2, art.14 ust. 1-2 Rozporz\u0105dzenia Parlamentu Europejskiego i Rady (UE) 2016\/679 z dnia 27 kwietnia 2016 roku w sprawie ochrony os\u00f3b fizycznych w zwi\u0105zku&nbsp;&nbsp;z przetwarzaniem danych osobowych i w sprawie swobodnego przep\u0142ywu takich informacji&nbsp;&nbsp;oraz uchylenia dyrektywy 95\/46\/WE (nazwa RODO) informujemy, \u017ce: 1.&nbsp;Administratorem podanych danych osobowych &hellip; <\/p>\n<p class=\"link-more\"><a href=\"https:\/\/topmegaline.pl\/index.php\/polityka\/\" class=\"more-link\">Czytaj dalej<span class=\"screen-reader-text\"> \u201ePolityka\u201d<\/span><\/a><\/p>\n","protected":false},"author":1,"featured_media":0,"parent":0,"menu_order":0,"comment_status":"closed","ping_status":"closed","template":"","meta":{"footnotes":""},"class_list":["post-348","page","type-page","status-publish","hentry"],"yoast_head":"<!-- This site is optimized with the Yoast SEO plugin v24.8.1 - https:\/\/yoast.com\/wordpress\/plugins\/seo\/ -->\n<title>Polityka - Top mega line<\/title>\n<meta name=\"robots\" content=\"index, follow, max-snippet:-1, max-image-preview:large, max-video-preview:-1\" \/>\n<link rel=\"canonical\" href=\"https:\/\/topmegaline.pl\/index.php\/polityka\/\" \/>\n<meta property=\"og:locale\" content=\"pl_PL\" \/>\n<meta property=\"og:type\" content=\"article\" \/>\n<meta property=\"og:title\" content=\"Polityka - Top mega line\" \/>\n<meta property=\"og:description\" content=\"Polityka prywatno\u015bci Gromadzenie i przetwarzanie danych osobowych Zgodnie z art.13 ust.1-2, art.14 ust. 1-2 Rozporz\u0105dzenia Parlamentu Europejskiego i Rady (UE) 2016\/679 z dnia 27 kwietnia 2016 roku w sprawie ochrony os\u00f3b fizycznych w zwi\u0105zku&nbsp;&nbsp;z przetwarzaniem danych osobowych i w sprawie swobodnego przep\u0142ywu takich informacji&nbsp;&nbsp;oraz uchylenia dyrektywy 95\/46\/WE (nazwa RODO) informujemy, \u017ce: 1.&nbsp;Administratorem podanych danych osobowych &hellip; Czytaj dalej \u201ePolityka\u201d\" \/>\n<meta property=\"og:url\" content=\"https:\/\/topmegaline.pl\/index.php\/polityka\/\" \/>\n<meta property=\"og:site_name\" content=\"Top mega line\" \/>\n<meta name=\"twitter:card\" content=\"summary_large_image\" \/>\n<meta name=\"twitter:label1\" content=\"Szacowany czas czytania\" \/>\n\t<meta name=\"twitter:data1\" content=\"3 minuty\" \/>\n<script type=\"application\/ld+json\" class=\"yoast-schema-graph\">{\"@context\":\"https:\/\/schema.org\",\"@graph\":[{\"@type\":\"WebPage\",\"@id\":\"https:\/\/topmegaline.pl\/index.php\/polityka\/\",\"url\":\"https:\/\/topmegaline.pl\/index.php\/polityka\/\",\"name\":\"Polityka - Top mega line\",\"isPartOf\":{\"@id\":\"https:\/\/topmegaline.pl\/#website\"},\"datePublished\":\"2022-06-24T07:45:36+00:00\",\"breadcrumb\":{\"@id\":\"https:\/\/topmegaline.pl\/index.php\/polityka\/#breadcrumb\"},\"inLanguage\":\"pl-PL\",\"potentialAction\":[{\"@type\":\"ReadAction\",\"target\":[\"https:\/\/topmegaline.pl\/index.php\/polityka\/\"]}]},{\"@type\":\"BreadcrumbList\",\"@id\":\"https:\/\/topmegaline.pl\/index.php\/polityka\/#breadcrumb\",\"itemListElement\":[{\"@type\":\"ListItem\",\"position\":1,\"name\":\"Strona g\u0142\u00f3wna\",\"item\":\"https:\/\/topmegaline.pl\/\"},{\"@type\":\"ListItem\",\"position\":2,\"name\":\"Polityka\"}]},{\"@type\":\"WebSite\",\"@id\":\"https:\/\/topmegaline.pl\/#website\",\"url\":\"https:\/\/topmegaline.pl\/\",\"name\":\"Top mega line\",\"description\":\"Nowy styl i lepsza jako\u015b\u0107 sprz\u0105tania!\",\"publisher\":{\"@id\":\"https:\/\/topmegaline.pl\/#organization\"},\"potentialAction\":[{\"@type\":\"SearchAction\",\"target\":{\"@type\":\"EntryPoint\",\"urlTemplate\":\"https:\/\/topmegaline.pl\/?s={search_term_string}\"},\"query-input\":{\"@type\":\"PropertyValueSpecification\",\"valueRequired\":true,\"valueName\":\"search_term_string\"}}],\"inLanguage\":\"pl-PL\"},{\"@type\":\"Organization\",\"@id\":\"https:\/\/topmegaline.pl\/#organization\",\"name\":\"Top mega line\",\"url\":\"https:\/\/topmegaline.pl\/\",\"logo\":{\"@type\":\"ImageObject\",\"inLanguage\":\"pl-PL\",\"@id\":\"https:\/\/topmegaline.pl\/#\/schema\/logo\/image\/\",\"url\":\"https:\/\/topmegaline.pl\/wp-content\/uploads\/2022\/06\/cropped-logo6.png\",\"contentUrl\":\"https:\/\/topmegaline.pl\/wp-content\/uploads\/2022\/06\/cropped-logo6.png\",\"width\":250,\"height\":250,\"caption\":\"Top mega line\"},\"image\":{\"@id\":\"https:\/\/topmegaline.pl\/#\/schema\/logo\/image\/\"}}]}<\/script>\n<!-- \/ Yoast SEO plugin. -->","yoast_head_json":{"title":"Polityka - Top mega line","robots":{"index":"index","follow":"follow","max-snippet":"max-snippet:-1","max-image-preview":"max-image-preview:large","max-video-preview":"max-video-preview:-1"},"canonical":"https:\/\/topmegaline.pl\/index.php\/polityka\/","og_locale":"pl_PL","og_type":"article","og_title":"Polityka - Top mega line","og_description":"Polityka prywatno\u015bci Gromadzenie i przetwarzanie danych osobowych Zgodnie z art.13 ust.1-2, art.14 ust. 1-2 Rozporz\u0105dzenia Parlamentu Europejskiego i Rady (UE) 2016\/679 z dnia 27 kwietnia 2016 roku w sprawie ochrony os\u00f3b fizycznych w zwi\u0105zku&nbsp;&nbsp;z przetwarzaniem danych osobowych i w sprawie swobodnego przep\u0142ywu takich informacji&nbsp;&nbsp;oraz uchylenia dyrektywy 95\/46\/WE (nazwa RODO) informujemy, \u017ce: 1.&nbsp;Administratorem podanych danych osobowych &hellip; Czytaj dalej \u201ePolityka\u201d","og_url":"https:\/\/topmegaline.pl\/index.php\/polityka\/","og_site_name":"Top mega line","twitter_card":"summary_large_image","twitter_misc":{"Szacowany czas czytania":"3 minuty"},"schema":{"@context":"https:\/\/schema.org","@graph":[{"@type":"WebPage","@id":"https:\/\/topmegaline.pl\/index.php\/polityka\/","url":"https:\/\/topmegaline.pl\/index.php\/polityka\/","name":"Polityka - Top mega line","isPartOf":{"@id":"https:\/\/topmegaline.pl\/#website"},"datePublished":"2022-06-24T07:45:36+00:00","breadcrumb":{"@id":"https:\/\/topmegaline.pl\/index.php\/polityka\/#breadcrumb"},"inLanguage":"pl-PL","potentialAction":[{"@type":"ReadAction","target":["https:\/\/topmegaline.pl\/index.php\/polityka\/"]}]},{"@type":"BreadcrumbList","@id":"https:\/\/topmegaline.pl\/index.php\/polityka\/#breadcrumb","itemListElement":[{"@type":"ListItem","position":1,"name":"Strona g\u0142\u00f3wna","item":"https:\/\/topmegaline.pl\/"},{"@type":"ListItem","position":2,"name":"Polityka"}]},{"@type":"WebSite","@id":"https:\/\/topmegaline.pl\/#website","url":"https:\/\/topmegaline.pl\/","name":"Top mega line","description":"Nowy styl i lepsza jako\u015b\u0107 sprz\u0105tania!","publisher":{"@id":"https:\/\/topmegaline.pl\/#organization"},"potentialAction":[{"@type":"SearchAction","target":{"@type":"EntryPoint","urlTemplate":"https:\/\/topmegaline.pl\/?s={search_term_string}"},"query-input":{"@type":"PropertyValueSpecification","valueRequired":true,"valueName":"search_term_string"}}],"inLanguage":"pl-PL"},{"@type":"Organization","@id":"https:\/\/topmegaline.pl\/#organization","name":"Top mega line","url":"https:\/\/topmegaline.pl\/","logo":{"@type":"ImageObject","inLanguage":"pl-PL","@id":"https:\/\/topmegaline.pl\/#\/schema\/logo\/image\/","url":"https:\/\/topmegaline.pl\/wp-content\/uploads\/2022\/06\/cropped-logo6.png","contentUrl":"https:\/\/topmegaline.pl\/wp-content\/uploads\/2022\/06\/cropped-logo6.png","width":250,"height":250,"caption":"Top mega line"},"image":{"@id":"https:\/\/topmegaline.pl\/#\/schema\/logo\/image\/"}}]}},"_links":{"self":[{"href":"https:\/\/topmegaline.pl\/index.php\/wp-json\/wp\/v2\/pages\/348","targetHints":{"allow":["GET"]}}],"collection":[{"href":"https:\/\/topmegaline.pl\/index.php\/wp-json\/wp\/v2\/pages"}],"about":[{"href":"https:\/\/topmegaline.pl\/index.php\/wp-json\/wp\/v2\/types\/page"}],"author":[{"embeddable":true,"href":"https:\/\/topmegaline.pl\/index.php\/wp-json\/wp\/v2\/users\/1"}],"replies":[{"embeddable":true,"href":"https:\/\/topmegaline.pl\/index.php\/wp-json\/wp\/v2\/comments?post=348"}],"version-history":[{"count":1,"href":"https:\/\/topmegaline.pl\/index.php\/wp-json\/wp\/v2\/pages\/348\/revisions"}],"predecessor-version":[{"id":349,"href":"https:\/\/topmegaline.pl\/index.php\/wp-json\/wp\/v2\/pages\/348\/revisions\/349"}],"wp:attachment":[{"href":"https:\/\/topmegaline.pl\/index.php\/wp-json\/wp\/v2\/media?parent=348"}],"curies":[{"name":"wp","href":"https:\/\/api.w.org\/{rel}","templated":true}]}}