{"id":334,"date":"2022-06-23T10:17:51","date_gmt":"2022-06-23T10:17:51","guid":{"rendered":"https:\/\/topmegaline.pl\/?page_id=334"},"modified":"2022-06-23T10:20:31","modified_gmt":"2022-06-23T10:20:31","slug":"info","status":"publish","type":"page","link":"https:\/\/topmegaline.pl\/index.php\/info\/","title":{"rendered":"O nas"},"content":{"rendered":"\n<p class=\"has-cyan-bluish-gray-color has-text-color has-small-font-size\">   &nbsp;&nbsp; Firma DOLPHIN od prawie 20-tu lat jest wiod\u0105cym producentem  profesjonalnych \u015brodk\u00f3w czysto\u015bci do us\u0142ug sprz\u0105tania, kosmetyki  samochodowej, oraz specjalistycznych preparat\u00f3w  dezynfekcyjno-biob\u00f3jczych o szerokim zastosowaniu.<br>  Wychodz\u0105c naprzeciw oczekiwaniom wielu naszych klient\u00f3w spoza bran\u017cy  firm sprz\u0105taj\u0105cych i instytucjonalnych, stworzyli\u015bmy now\u0105 lini\u0119 \u015brodk\u00f3w  pod nazw\u0105 <strong>Top Mega Line<\/strong>, kt\u00f3rej ponadprzeci\u0119tna jako\u015b\u0107, skuteczno\u015b\u0107 i design znacz\u0105co przewy\u017cszaj\u0105 og\u00f3lnodost\u0119pne \u015brodki chemii gospodarczej. <br>Oddaj\u0105c  w Pa\u0144stwa r\u0119ce pierwsz\u0105 pod wzgl\u0119dem zakresu stosowania parti\u0119  produkt\u00f3w Top Mega Line do powszechnego stosowania, liczymy na zmian\u0119  spojrzenia jej przysz\u0142ych odbiorc\u00f3w na now\u0105 <strong>Mega \u2013 jako\u015b\u0107, \u0142atwo\u015b\u0107 i przyjemno\u015b\u0107<\/strong> zarazem przy czynno\u015bciach codziennego sprz\u0105tania. <br>Jeste\u015bmy przekonani, \u017ce decyduj\u0105c si\u0119 na wsp\u00f3\u0142prac\u0119 dystrybucyjn\u0105 i stosuj\u0105c nasze nowe \u015brodki bardzo szybko <strong><em>zamienicie Pa\u0144stwo przeci\u0119tno\u015b\u0107 na profesjonalizm z Top Mega lini\u0105!<\/em><\/strong><\/p>\n\n\n\n<p class=\"has-cyan-bluish-gray-color has-text-color has-small-font-size\">Prezes Zarz\u0105du<\/p>\n\n\n\n<figure class=\"wp-block-image size-full is-resized wp-duotone-000000-ffffff-2\"><img loading=\"lazy\" decoding=\"async\" src=\"https:\/\/topmegaline.pl\/wp-content\/uploads\/2022\/06\/podpis.png\" alt=\"\" class=\"wp-image-111\" width=\"110\" height=\"30\"\/><\/figure>\n\n\n\n<p><\/p>\n","protected":false},"excerpt":{"rendered":"<p>&nbsp;&nbsp; Firma DOLPHIN od prawie 20-tu lat jest wiod\u0105cym producentem profesjonalnych \u015brodk\u00f3w czysto\u015bci do us\u0142ug sprz\u0105tania, kosmetyki samochodowej, oraz specjalistycznych preparat\u00f3w dezynfekcyjno-biob\u00f3jczych o szerokim zastosowaniu. Wychodz\u0105c naprzeciw oczekiwaniom wielu naszych klient\u00f3w spoza bran\u017cy firm sprz\u0105taj\u0105cych i instytucjonalnych, stworzyli\u015bmy now\u0105 lini\u0119 \u015brodk\u00f3w pod nazw\u0105 Top Mega Line, kt\u00f3rej ponadprzeci\u0119tna jako\u015b\u0107, skuteczno\u015b\u0107 i design znacz\u0105co przewy\u017cszaj\u0105 og\u00f3lnodost\u0119pne &hellip; <\/p>\n<p class=\"link-more\"><a href=\"https:\/\/topmegaline.pl\/index.php\/info\/\" class=\"more-link\">Czytaj dalej<span class=\"screen-reader-text\"> \u201eO nas\u201d<\/span><\/a><\/p>\n","protected":false},"author":1,"featured_media":0,"parent":0,"menu_order":0,"comment_status":"closed","ping_status":"closed","template":"","meta":{"footnotes":""},"class_list":["post-334","page","type-page","status-publish","hentry"],"yoast_head":"<!-- This site is optimized with the Yoast SEO plugin v24.8.1 - https:\/\/yoast.com\/wordpress\/plugins\/seo\/ -->\n<title>O nas - Top mega line<\/title>\n<meta name=\"robots\" content=\"index, follow, max-snippet:-1, max-image-preview:large, max-video-preview:-1\" \/>\n<link rel=\"canonical\" href=\"https:\/\/topmegaline.pl\/index.php\/info\/\" \/>\n<meta property=\"og:locale\" content=\"pl_PL\" \/>\n<meta property=\"og:type\" content=\"article\" \/>\n<meta property=\"og:title\" content=\"O nas - Top mega line\" \/>\n<meta property=\"og:description\" content=\"&nbsp;&nbsp; Firma DOLPHIN od prawie 20-tu lat jest wiod\u0105cym producentem profesjonalnych \u015brodk\u00f3w czysto\u015bci do us\u0142ug sprz\u0105tania, kosmetyki samochodowej, oraz specjalistycznych preparat\u00f3w dezynfekcyjno-biob\u00f3jczych o szerokim zastosowaniu. Wychodz\u0105c naprzeciw oczekiwaniom wielu naszych klient\u00f3w spoza bran\u017cy firm sprz\u0105taj\u0105cych i instytucjonalnych, stworzyli\u015bmy now\u0105 lini\u0119 \u015brodk\u00f3w pod nazw\u0105 Top Mega Line, kt\u00f3rej ponadprzeci\u0119tna jako\u015b\u0107, skuteczno\u015b\u0107 i design znacz\u0105co przewy\u017cszaj\u0105 og\u00f3lnodost\u0119pne &hellip; Czytaj dalej \u201eO nas\u201d\" \/>\n<meta property=\"og:url\" content=\"https:\/\/topmegaline.pl\/index.php\/info\/\" \/>\n<meta property=\"og:site_name\" content=\"Top mega line\" \/>\n<meta property=\"article:modified_time\" content=\"2022-06-23T10:20:31+00:00\" \/>\n<meta property=\"og:image\" content=\"https:\/\/topmegaline.pl\/wp-content\/uploads\/2022\/06\/podpis.png\" \/>\n<meta name=\"twitter:card\" content=\"summary_large_image\" \/>\n<meta name=\"twitter:label1\" content=\"Szacowany czas czytania\" \/>\n\t<meta name=\"twitter:data1\" content=\"1 minuta\" \/>\n<script type=\"application\/ld+json\" class=\"yoast-schema-graph\">{\"@context\":\"https:\/\/schema.org\",\"@graph\":[{\"@type\":\"WebPage\",\"@id\":\"https:\/\/topmegaline.pl\/index.php\/info\/\",\"url\":\"https:\/\/topmegaline.pl\/index.php\/info\/\",\"name\":\"O nas - Top mega line\",\"isPartOf\":{\"@id\":\"https:\/\/topmegaline.pl\/#website\"},\"primaryImageOfPage\":{\"@id\":\"https:\/\/topmegaline.pl\/index.php\/info\/#primaryimage\"},\"image\":{\"@id\":\"https:\/\/topmegaline.pl\/index.php\/info\/#primaryimage\"},\"thumbnailUrl\":\"https:\/\/topmegaline.pl\/wp-content\/uploads\/2022\/06\/podpis.png\",\"datePublished\":\"2022-06-23T10:17:51+00:00\",\"dateModified\":\"2022-06-23T10:20:31+00:00\",\"breadcrumb\":{\"@id\":\"https:\/\/topmegaline.pl\/index.php\/info\/#breadcrumb\"},\"inLanguage\":\"pl-PL\",\"potentialAction\":[{\"@type\":\"ReadAction\",\"target\":[\"https:\/\/topmegaline.pl\/index.php\/info\/\"]}]},{\"@type\":\"ImageObject\",\"inLanguage\":\"pl-PL\",\"@id\":\"https:\/\/topmegaline.pl\/index.php\/info\/#primaryimage\",\"url\":\"https:\/\/topmegaline.pl\/wp-content\/uploads\/2022\/06\/podpis-e1655798559727.png\",\"contentUrl\":\"https:\/\/topmegaline.pl\/wp-content\/uploads\/2022\/06\/podpis-e1655798559727.png\",\"width\":150,\"height\":35},{\"@type\":\"BreadcrumbList\",\"@id\":\"https:\/\/topmegaline.pl\/index.php\/info\/#breadcrumb\",\"itemListElement\":[{\"@type\":\"ListItem\",\"position\":1,\"name\":\"Strona g\u0142\u00f3wna\",\"item\":\"https:\/\/topmegaline.pl\/\"},{\"@type\":\"ListItem\",\"position\":2,\"name\":\"O nas\"}]},{\"@type\":\"WebSite\",\"@id\":\"https:\/\/topmegaline.pl\/#website\",\"url\":\"https:\/\/topmegaline.pl\/\",\"name\":\"Top mega line\",\"description\":\"Nowy styl i lepsza jako\u015b\u0107 sprz\u0105tania!\",\"publisher\":{\"@id\":\"https:\/\/topmegaline.pl\/#organization\"},\"potentialAction\":[{\"@type\":\"SearchAction\",\"target\":{\"@type\":\"EntryPoint\",\"urlTemplate\":\"https:\/\/topmegaline.pl\/?s={search_term_string}\"},\"query-input\":{\"@type\":\"PropertyValueSpecification\",\"valueRequired\":true,\"valueName\":\"search_term_string\"}}],\"inLanguage\":\"pl-PL\"},{\"@type\":\"Organization\",\"@id\":\"https:\/\/topmegaline.pl\/#organization\",\"name\":\"Top mega line\",\"url\":\"https:\/\/topmegaline.pl\/\",\"logo\":{\"@type\":\"ImageObject\",\"inLanguage\":\"pl-PL\",\"@id\":\"https:\/\/topmegaline.pl\/#\/schema\/logo\/image\/\",\"url\":\"https:\/\/topmegaline.pl\/wp-content\/uploads\/2022\/06\/cropped-logo6.png\",\"contentUrl\":\"https:\/\/topmegaline.pl\/wp-content\/uploads\/2022\/06\/cropped-logo6.png\",\"width\":250,\"height\":250,\"caption\":\"Top mega line\"},\"image\":{\"@id\":\"https:\/\/topmegaline.pl\/#\/schema\/logo\/image\/\"}}]}<\/script>\n<!-- \/ Yoast SEO plugin. -->","yoast_head_json":{"title":"O nas - Top mega line","robots":{"index":"index","follow":"follow","max-snippet":"max-snippet:-1","max-image-preview":"max-image-preview:large","max-video-preview":"max-video-preview:-1"},"canonical":"https:\/\/topmegaline.pl\/index.php\/info\/","og_locale":"pl_PL","og_type":"article","og_title":"O nas - Top mega line","og_description":"&nbsp;&nbsp; Firma DOLPHIN od prawie 20-tu lat jest wiod\u0105cym producentem profesjonalnych \u015brodk\u00f3w czysto\u015bci do us\u0142ug sprz\u0105tania, kosmetyki samochodowej, oraz specjalistycznych preparat\u00f3w dezynfekcyjno-biob\u00f3jczych o szerokim zastosowaniu. Wychodz\u0105c naprzeciw oczekiwaniom wielu naszych klient\u00f3w spoza bran\u017cy firm sprz\u0105taj\u0105cych i instytucjonalnych, stworzyli\u015bmy now\u0105 lini\u0119 \u015brodk\u00f3w pod nazw\u0105 Top Mega Line, kt\u00f3rej ponadprzeci\u0119tna jako\u015b\u0107, skuteczno\u015b\u0107 i design znacz\u0105co przewy\u017cszaj\u0105 og\u00f3lnodost\u0119pne &hellip; Czytaj dalej \u201eO nas\u201d","og_url":"https:\/\/topmegaline.pl\/index.php\/info\/","og_site_name":"Top mega line","article_modified_time":"2022-06-23T10:20:31+00:00","og_image":[{"url":"https:\/\/topmegaline.pl\/wp-content\/uploads\/2022\/06\/podpis.png","type":"","width":"","height":""}],"twitter_card":"summary_large_image","twitter_misc":{"Szacowany czas czytania":"1 minuta"},"schema":{"@context":"https:\/\/schema.org","@graph":[{"@type":"WebPage","@id":"https:\/\/topmegaline.pl\/index.php\/info\/","url":"https:\/\/topmegaline.pl\/index.php\/info\/","name":"O nas - Top mega line","isPartOf":{"@id":"https:\/\/topmegaline.pl\/#website"},"primaryImageOfPage":{"@id":"https:\/\/topmegaline.pl\/index.php\/info\/#primaryimage"},"image":{"@id":"https:\/\/topmegaline.pl\/index.php\/info\/#primaryimage"},"thumbnailUrl":"https:\/\/topmegaline.pl\/wp-content\/uploads\/2022\/06\/podpis.png","datePublished":"2022-06-23T10:17:51+00:00","dateModified":"2022-06-23T10:20:31+00:00","breadcrumb":{"@id":"https:\/\/topmegaline.pl\/index.php\/info\/#breadcrumb"},"inLanguage":"pl-PL","potentialAction":[{"@type":"ReadAction","target":["https:\/\/topmegaline.pl\/index.php\/info\/"]}]},{"@type":"ImageObject","inLanguage":"pl-PL","@id":"https:\/\/topmegaline.pl\/index.php\/info\/#primaryimage","url":"https:\/\/topmegaline.pl\/wp-content\/uploads\/2022\/06\/podpis-e1655798559727.png","contentUrl":"https:\/\/topmegaline.pl\/wp-content\/uploads\/2022\/06\/podpis-e1655798559727.png","width":150,"height":35},{"@type":"BreadcrumbList","@id":"https:\/\/topmegaline.pl\/index.php\/info\/#breadcrumb","itemListElement":[{"@type":"ListItem","position":1,"name":"Strona g\u0142\u00f3wna","item":"https:\/\/topmegaline.pl\/"},{"@type":"ListItem","position":2,"name":"O nas"}]},{"@type":"WebSite","@id":"https:\/\/topmegaline.pl\/#website","url":"https:\/\/topmegaline.pl\/","name":"Top mega line","description":"Nowy styl i lepsza jako\u015b\u0107 sprz\u0105tania!","publisher":{"@id":"https:\/\/topmegaline.pl\/#organization"},"potentialAction":[{"@type":"SearchAction","target":{"@type":"EntryPoint","urlTemplate":"https:\/\/topmegaline.pl\/?s={search_term_string}"},"query-input":{"@type":"PropertyValueSpecification","valueRequired":true,"valueName":"search_term_string"}}],"inLanguage":"pl-PL"},{"@type":"Organization","@id":"https:\/\/topmegaline.pl\/#organization","name":"Top mega line","url":"https:\/\/topmegaline.pl\/","logo":{"@type":"ImageObject","inLanguage":"pl-PL","@id":"https:\/\/topmegaline.pl\/#\/schema\/logo\/image\/","url":"https:\/\/topmegaline.pl\/wp-content\/uploads\/2022\/06\/cropped-logo6.png","contentUrl":"https:\/\/topmegaline.pl\/wp-content\/uploads\/2022\/06\/cropped-logo6.png","width":250,"height":250,"caption":"Top mega line"},"image":{"@id":"https:\/\/topmegaline.pl\/#\/schema\/logo\/image\/"}}]}},"_links":{"self":[{"href":"https:\/\/topmegaline.pl\/index.php\/wp-json\/wp\/v2\/pages\/334","targetHints":{"allow":["GET"]}}],"collection":[{"href":"https:\/\/topmegaline.pl\/index.php\/wp-json\/wp\/v2\/pages"}],"about":[{"href":"https:\/\/topmegaline.pl\/index.php\/wp-json\/wp\/v2\/types\/page"}],"author":[{"embeddable":true,"href":"https:\/\/topmegaline.pl\/index.php\/wp-json\/wp\/v2\/users\/1"}],"replies":[{"embeddable":true,"href":"https:\/\/topmegaline.pl\/index.php\/wp-json\/wp\/v2\/comments?post=334"}],"version-history":[{"count":3,"href":"https:\/\/topmegaline.pl\/index.php\/wp-json\/wp\/v2\/pages\/334\/revisions"}],"predecessor-version":[{"id":339,"href":"https:\/\/topmegaline.pl\/index.php\/wp-json\/wp\/v2\/pages\/334\/revisions\/339"}],"wp:attachment":[{"href":"https:\/\/topmegaline.pl\/index.php\/wp-json\/wp\/v2\/media?parent=334"}],"curies":[{"name":"wp","href":"https:\/\/api.w.org\/{rel}","templated":true}]}}