{"id":323,"date":"2022-06-23T10:11:01","date_gmt":"2022-06-23T10:11:01","guid":{"rendered":"https:\/\/topmegaline.pl\/?page_id=323"},"modified":"2022-06-24T07:34:12","modified_gmt":"2022-06-24T07:34:12","slug":"formularz","status":"publish","type":"page","link":"https:\/\/topmegaline.pl\/index.php\/formularz\/","title":{"rendered":"Kontakt"},"content":{"rendered":"\n<p>Dystrybutor\u00f3w zainteresowanych szczeg\u00f3\u0142ami wsp\u00f3\u0142pracy i wprowadzeniem na rynek linii TML zapraszamy do kontaktu e-m.\/tel. z koordynatorem<\/p>\n\n\n\n<div class=\"wp-block-contact-form-7-contact-form-selector\">\n<div class=\"wpcf7 no-js\" id=\"wpcf7-f19-o1\" lang=\"pl-PL\" dir=\"ltr\" data-wpcf7-id=\"19\">\n<div class=\"screen-reader-response\"><p role=\"status\" aria-live=\"polite\" aria-atomic=\"true\"><\/p> <ul><\/ul><\/div>\n<form action=\"\/index.php\/wp-json\/wp\/v2\/pages\/323#wpcf7-f19-o1\" method=\"post\" class=\"wpcf7-form init\" aria-label=\"Formularz kontaktowy\" novalidate=\"novalidate\" data-status=\"init\">\n<div style=\"display: none;\">\n<input type=\"hidden\" name=\"_wpcf7\" value=\"19\" \/>\n<input type=\"hidden\" name=\"_wpcf7_version\" value=\"6.0.5\" \/>\n<input type=\"hidden\" name=\"_wpcf7_locale\" value=\"pl_PL\" \/>\n<input type=\"hidden\" name=\"_wpcf7_unit_tag\" value=\"wpcf7-f19-o1\" \/>\n<input type=\"hidden\" name=\"_wpcf7_container_post\" value=\"0\" \/>\n<input type=\"hidden\" name=\"_wpcf7_posted_data_hash\" value=\"\" \/>\n<\/div>\n<p><label> Firma\/osoba do kontaktu<br \/>\n<span class=\"wpcf7-form-control-wrap\" data-name=\"your-name\"><input size=\"40\" maxlength=\"400\" class=\"wpcf7-form-control wpcf7-text wpcf7-validates-as-required\" aria-required=\"true\" aria-invalid=\"false\" value=\"\" type=\"text\" name=\"your-name\" \/><\/span> <\/label>\n<\/p>\n<p><label> Adres e-mail<br \/>\n<span class=\"wpcf7-form-control-wrap\" data-name=\"your-email\"><input size=\"40\" maxlength=\"400\" class=\"wpcf7-form-control wpcf7-email wpcf7-validates-as-required wpcf7-text wpcf7-validates-as-email\" aria-required=\"true\" aria-invalid=\"false\" value=\"\" type=\"email\" name=\"your-email\" \/><\/span> <\/label>\n<\/p>\n<p><label> Numer telefonu<br \/>\n<span class=\"wpcf7-form-control-wrap\" data-name=\"your-phone\"><input size=\"40\" maxlength=\"400\" class=\"wpcf7-form-control wpcf7-tel wpcf7-validates-as-required wpcf7-text wpcf7-validates-as-tel\" aria-required=\"true\" aria-invalid=\"false\" value=\"\" type=\"tel\" name=\"your-phone\" \/><\/span><\/label>\n<\/p>\n<p><label> Wiadomo\u015bci (opcjonalne)<br \/>\n<span class=\"wpcf7-form-control-wrap\" data-name=\"your-message\"><textarea cols=\"40\" rows=\"10\" maxlength=\"2000\" class=\"wpcf7-form-control wpcf7-textarea\" aria-invalid=\"false\" name=\"your-message\"><\/textarea><\/span> <\/label>\n<\/p>\n<p><span class=\"wpcf7-form-control-wrap\" data-name=\"quiz-786\"><label><span class=\"wpcf7-quiz-label\">Ile jest 5 razy 5<\/span> <input size=\"40\" class=\"wpcf7-form-control wpcf7-quiz\" autocomplete=\"off\" aria-required=\"true\" aria-invalid=\"false\" type=\"text\" name=\"quiz-786\" \/><\/label><input type=\"hidden\" name=\"_wpcf7_quiz_answer_quiz-786\" value=\"e9f648bd80e220dd15fe91e717409866\" \/><\/span><br \/>\n<input class=\"wpcf7-form-control wpcf7-submit has-spinner\" type=\"submit\" value=\"Wy\u015blij\" \/>\n<\/p><div class=\"wpcf7-response-output\" aria-hidden=\"true\"><\/div>\n<\/form>\n<\/div>\n<\/div>\n","protected":false},"excerpt":{"rendered":"<p>Dystrybutor\u00f3w zainteresowanych szczeg\u00f3\u0142ami wsp\u00f3\u0142pracy i wprowadzeniem na rynek linii TML zapraszamy do kontaktu e-m.\/tel. z koordynatorem<\/p>\n","protected":false},"author":1,"featured_media":0,"parent":0,"menu_order":0,"comment_status":"closed","ping_status":"closed","template":"","meta":{"footnotes":""},"class_list":["post-323","page","type-page","status-publish","hentry"],"yoast_head":"<!-- This site is optimized with the Yoast SEO plugin v24.8.1 - https:\/\/yoast.com\/wordpress\/plugins\/seo\/ -->\n<title>Kontakt - Top mega line<\/title>\n<meta name=\"robots\" content=\"index, follow, max-snippet:-1, max-image-preview:large, max-video-preview:-1\" \/>\n<link rel=\"canonical\" href=\"https:\/\/topmegaline.pl\/index.php\/formularz\/\" \/>\n<meta property=\"og:locale\" content=\"pl_PL\" \/>\n<meta property=\"og:type\" content=\"article\" \/>\n<meta property=\"og:title\" content=\"Kontakt - Top mega line\" \/>\n<meta property=\"og:description\" content=\"Dystrybutor\u00f3w zainteresowanych szczeg\u00f3\u0142ami wsp\u00f3\u0142pracy i wprowadzeniem na rynek linii TML zapraszamy do kontaktu e-m.\/tel. z koordynatorem\" \/>\n<meta property=\"og:url\" content=\"https:\/\/topmegaline.pl\/index.php\/formularz\/\" \/>\n<meta property=\"og:site_name\" content=\"Top mega line\" \/>\n<meta property=\"article:modified_time\" content=\"2022-06-24T07:34:12+00:00\" \/>\n<meta name=\"twitter:card\" content=\"summary_large_image\" \/>\n<script type=\"application\/ld+json\" class=\"yoast-schema-graph\">{\"@context\":\"https:\/\/schema.org\",\"@graph\":[{\"@type\":\"WebPage\",\"@id\":\"https:\/\/topmegaline.pl\/index.php\/formularz\/\",\"url\":\"https:\/\/topmegaline.pl\/index.php\/formularz\/\",\"name\":\"Kontakt - Top mega line\",\"isPartOf\":{\"@id\":\"https:\/\/topmegaline.pl\/#website\"},\"datePublished\":\"2022-06-23T10:11:01+00:00\",\"dateModified\":\"2022-06-24T07:34:12+00:00\",\"breadcrumb\":{\"@id\":\"https:\/\/topmegaline.pl\/index.php\/formularz\/#breadcrumb\"},\"inLanguage\":\"pl-PL\",\"potentialAction\":[{\"@type\":\"ReadAction\",\"target\":[\"https:\/\/topmegaline.pl\/index.php\/formularz\/\"]}]},{\"@type\":\"BreadcrumbList\",\"@id\":\"https:\/\/topmegaline.pl\/index.php\/formularz\/#breadcrumb\",\"itemListElement\":[{\"@type\":\"ListItem\",\"position\":1,\"name\":\"Strona g\u0142\u00f3wna\",\"item\":\"https:\/\/topmegaline.pl\/\"},{\"@type\":\"ListItem\",\"position\":2,\"name\":\"Kontakt\"}]},{\"@type\":\"WebSite\",\"@id\":\"https:\/\/topmegaline.pl\/#website\",\"url\":\"https:\/\/topmegaline.pl\/\",\"name\":\"Top mega line\",\"description\":\"Nowy styl i lepsza jako\u015b\u0107 sprz\u0105tania!\",\"publisher\":{\"@id\":\"https:\/\/topmegaline.pl\/#organization\"},\"potentialAction\":[{\"@type\":\"SearchAction\",\"target\":{\"@type\":\"EntryPoint\",\"urlTemplate\":\"https:\/\/topmegaline.pl\/?s={search_term_string}\"},\"query-input\":{\"@type\":\"PropertyValueSpecification\",\"valueRequired\":true,\"valueName\":\"search_term_string\"}}],\"inLanguage\":\"pl-PL\"},{\"@type\":\"Organization\",\"@id\":\"https:\/\/topmegaline.pl\/#organization\",\"name\":\"Top mega line\",\"url\":\"https:\/\/topmegaline.pl\/\",\"logo\":{\"@type\":\"ImageObject\",\"inLanguage\":\"pl-PL\",\"@id\":\"https:\/\/topmegaline.pl\/#\/schema\/logo\/image\/\",\"url\":\"https:\/\/topmegaline.pl\/wp-content\/uploads\/2022\/06\/cropped-logo6.png\",\"contentUrl\":\"https:\/\/topmegaline.pl\/wp-content\/uploads\/2022\/06\/cropped-logo6.png\",\"width\":250,\"height\":250,\"caption\":\"Top mega line\"},\"image\":{\"@id\":\"https:\/\/topmegaline.pl\/#\/schema\/logo\/image\/\"}}]}<\/script>\n<!-- \/ Yoast SEO plugin. -->","yoast_head_json":{"title":"Kontakt - Top mega line","robots":{"index":"index","follow":"follow","max-snippet":"max-snippet:-1","max-image-preview":"max-image-preview:large","max-video-preview":"max-video-preview:-1"},"canonical":"https:\/\/topmegaline.pl\/index.php\/formularz\/","og_locale":"pl_PL","og_type":"article","og_title":"Kontakt - Top mega line","og_description":"Dystrybutor\u00f3w zainteresowanych szczeg\u00f3\u0142ami wsp\u00f3\u0142pracy i wprowadzeniem na rynek linii TML zapraszamy do kontaktu e-m.\/tel. z koordynatorem","og_url":"https:\/\/topmegaline.pl\/index.php\/formularz\/","og_site_name":"Top mega line","article_modified_time":"2022-06-24T07:34:12+00:00","twitter_card":"summary_large_image","schema":{"@context":"https:\/\/schema.org","@graph":[{"@type":"WebPage","@id":"https:\/\/topmegaline.pl\/index.php\/formularz\/","url":"https:\/\/topmegaline.pl\/index.php\/formularz\/","name":"Kontakt - Top mega line","isPartOf":{"@id":"https:\/\/topmegaline.pl\/#website"},"datePublished":"2022-06-23T10:11:01+00:00","dateModified":"2022-06-24T07:34:12+00:00","breadcrumb":{"@id":"https:\/\/topmegaline.pl\/index.php\/formularz\/#breadcrumb"},"inLanguage":"pl-PL","potentialAction":[{"@type":"ReadAction","target":["https:\/\/topmegaline.pl\/index.php\/formularz\/"]}]},{"@type":"BreadcrumbList","@id":"https:\/\/topmegaline.pl\/index.php\/formularz\/#breadcrumb","itemListElement":[{"@type":"ListItem","position":1,"name":"Strona g\u0142\u00f3wna","item":"https:\/\/topmegaline.pl\/"},{"@type":"ListItem","position":2,"name":"Kontakt"}]},{"@type":"WebSite","@id":"https:\/\/topmegaline.pl\/#website","url":"https:\/\/topmegaline.pl\/","name":"Top mega line","description":"Nowy styl i lepsza jako\u015b\u0107 sprz\u0105tania!","publisher":{"@id":"https:\/\/topmegaline.pl\/#organization"},"potentialAction":[{"@type":"SearchAction","target":{"@type":"EntryPoint","urlTemplate":"https:\/\/topmegaline.pl\/?s={search_term_string}"},"query-input":{"@type":"PropertyValueSpecification","valueRequired":true,"valueName":"search_term_string"}}],"inLanguage":"pl-PL"},{"@type":"Organization","@id":"https:\/\/topmegaline.pl\/#organization","name":"Top mega line","url":"https:\/\/topmegaline.pl\/","logo":{"@type":"ImageObject","inLanguage":"pl-PL","@id":"https:\/\/topmegaline.pl\/#\/schema\/logo\/image\/","url":"https:\/\/topmegaline.pl\/wp-content\/uploads\/2022\/06\/cropped-logo6.png","contentUrl":"https:\/\/topmegaline.pl\/wp-content\/uploads\/2022\/06\/cropped-logo6.png","width":250,"height":250,"caption":"Top mega line"},"image":{"@id":"https:\/\/topmegaline.pl\/#\/schema\/logo\/image\/"}}]}},"_links":{"self":[{"href":"https:\/\/topmegaline.pl\/index.php\/wp-json\/wp\/v2\/pages\/323","targetHints":{"allow":["GET"]}}],"collection":[{"href":"https:\/\/topmegaline.pl\/index.php\/wp-json\/wp\/v2\/pages"}],"about":[{"href":"https:\/\/topmegaline.pl\/index.php\/wp-json\/wp\/v2\/types\/page"}],"author":[{"embeddable":true,"href":"https:\/\/topmegaline.pl\/index.php\/wp-json\/wp\/v2\/users\/1"}],"replies":[{"embeddable":true,"href":"https:\/\/topmegaline.pl\/index.php\/wp-json\/wp\/v2\/comments?post=323"}],"version-history":[{"count":5,"href":"https:\/\/topmegaline.pl\/index.php\/wp-json\/wp\/v2\/pages\/323\/revisions"}],"predecessor-version":[{"id":345,"href":"https:\/\/topmegaline.pl\/index.php\/wp-json\/wp\/v2\/pages\/323\/revisions\/345"}],"wp:attachment":[{"href":"https:\/\/topmegaline.pl\/index.php\/wp-json\/wp\/v2\/media?parent=323"}],"curies":[{"name":"wp","href":"https:\/\/api.w.org\/{rel}","templated":true}]}}