{"id":252,"date":"2022-06-21T13:16:22","date_gmt":"2022-06-21T13:16:22","guid":{"rendered":"https:\/\/topmegaline.pl\/?page_id=252"},"modified":"2023-08-16T07:06:12","modified_gmt":"2023-08-16T07:06:12","slug":"dystrybutorzy","status":"publish","type":"page","link":"https:\/\/topmegaline.pl\/index.php\/dystrybutorzy\/","title":{"rendered":"Dystrybutorzy"},"content":{"rendered":"\n<div class=\"wp-block-columns is-layout-flex wp-container-core-columns-is-layout-9d6595d7 wp-block-columns-is-layout-flex\">\n<div class=\"wp-block-column is-layout-flow wp-block-column-is-layout-flow\">\n<p><strong>BIUROWE.COM.PL<\/strong><br>ul. \u015aciegiennego 7<br>40-114 Katowice<br>tel. 32 255 54 15<br>e-mail: <a href=\"mailto:handel@biurowe.com.pl\">handel@biurowe.com.pl<\/a><br><a href=\"http:\/\/www.biurowe.com.pl\">www.biurowe.com.pl<\/a><\/p>\n<\/div>\n\n\n\n<div class=\"wp-block-column is-layout-flow wp-block-column-is-layout-flow\">\n<p><strong>EX-ZONE Szymon Jeziorski<\/strong><br>ul. Tomasza Wilsona 30 lok 2B<br>42-202 Cz\u0119stochowa<br>Tel.: 721 542 304<br>e-mail: <a href=\"mailto:: m.strzelecki@exzone.pl\">: m.strzelecki@exzone.pl<\/a><br><a href=\"http:\/\/www.exzone.pl\">www.exzone.pl<\/a><\/p>\n<\/div>\n<\/div>\n\n\n\n<div class=\"wp-block-columns is-layout-flex wp-container-core-columns-is-layout-9d6595d7 wp-block-columns-is-layout-flex\">\n<div class=\"wp-block-column is-layout-flow wp-block-column-is-layout-flow\">\n<p><strong>EX-ZONE Szymon Jeziorski<\/strong><br>ul. Franciszka \u017bwirki 30<br>06-500 M\u0142awa<br>Tel.: 721&nbsp;542 300<br>e-mail: <a href=\"mailto:: m.strzelecki@exzone.pl\">: <\/a><a href=\"mailto:j.jeziorski@exzone.pl\">j.jeziorski@exzone.pl<\/a><br><a href=\"http:\/\/www.exzone.pl\">www.exzone.pl<\/a><\/p>\n<\/div>\n\n\n\n<div class=\"wp-block-column is-layout-flow wp-block-column-is-layout-flow\">\n<p><strong>EX-ZONE Szymon Jeziorski<\/strong><br>ul. Rajmunda Rembieli\u0144skiego 10<br>09-400 P\u0142ock<br>Tel.: 721&nbsp;542&nbsp;301<br>e-mail: <a href=\"mailto:: m.strzelecki@exzone.pl\">: <\/a><a href=\"mailto:m.ciarkowska@exzone.pl\">m.ciarkowska<\/a><a href=\"mailto:m.ciarkowska@exzone.pl\">@exzone.pl<\/a><br><a href=\"http:\/\/www.exzone.pl\">www.exzone.pl<\/a><\/p>\n<\/div>\n<\/div>\n\n\n\n<div class=\"wp-block-columns is-layout-flex wp-container-core-columns-is-layout-9d6595d7 wp-block-columns-is-layout-flex\">\n<div class=\"wp-block-column is-layout-flow wp-block-column-is-layout-flow\">\n<p><strong>SACAR Sp. z o.o.<\/strong><br>ul. Kolejowa 16<br>36-040 Boguchwa\u0142a<br>tel. 17&nbsp;862 90 30, 530&nbsp;181 177<br>e-mail: <a href=\"mailto:sklep@sacar.pl\">sklep@sacar.pl<\/a><br><a href=\"http:\/\/www.sacar.pl\">www.sacar.pl<\/a><\/p>\n<\/div>\n\n\n\n<div class=\"wp-block-column is-layout-flow wp-block-column-is-layout-flow\">\n<p><strong>F. H. Eulalia Bober<\/strong><br>\nul. Czarnkowska 1a<br>\n60-415 Pozna\u0144<br>\ntel. 603 154 662<br>e-mail: <a href=\"mailto:eulalia@bober.net.pl\">eulalia@bober.net.pl<\/a><br><a href=\"http:\/\/www.srodkiczystosci.net.pl\">www.srodkiczystosci.net.pl<\/a><\/p>\n<\/div>\n<\/div>\n\n\n\n<div class=\"wp-block-columns is-layout-flex wp-container-core-columns-is-layout-9d6595d7 wp-block-columns-is-layout-flex\">\n<div class=\"wp-block-column is-layout-flow wp-block-column-is-layout-flow\">\n<p><strong>SRP FINANCE Sp. z o. o.<\/strong><br>ul. Kili\u0144skiego 2<br>59-220 Legnica<br>tel. 797&nbsp;610&nbsp;000<br>e-mail: <a href=\"mailto:info@te-ch.pl\">info@te-ch.pl<\/a><br><a href=\"http:\/\/www.te-ch.pl\/megaline\">www.te-ch.pl\/megaline<\/a><\/p>\n\n\n\n<p><strong>EUROSHOP<\/strong><br>ul. Grunwaldzka 18<br>59-400 Jawor<br>tel. 664 986 121<br>e-mail: <a href=\"wortes@poczta.fm\" class=\"broken_link\">wortes@poczta.fm<\/a><\/p>\n<\/div>\n\n\n\n<div class=\"wp-block-column is-layout-flow wp-block-column-is-layout-flow\">\n<p><strong>CZYSTA STRONA MOCY<\/strong><br> ul. Strzelecka 2<br> 32-700 Bochnia<br>tel. 570&nbsp;355 285<br>e-mail: <a href=\"mailto:rmjshop@onet.pl\">rmjshop@onet.pl<\/a><br><a href=\"http:\/\/www.czystastronamocy.pl\">www.czystastronamocy.pl<\/a><\/p>\n\n\n\n<p><strong>EUROSHOP<\/strong><br>ul. Kami\u0144skiego 33<br>59-220 Legnica<br>tel. 664 986 121<br>e-mail: <a href=\"wortes@poczta.fm\" class=\"broken_link\">wortes@poczta.fm<\/a><\/p>\n<\/div>\n<\/div>\n\n\n\n<p><\/p>\n","protected":false},"excerpt":{"rendered":"<p>BIUROWE.COM.PLul. \u015aciegiennego 740-114 Katowicetel. 32 255 54 15e-mail: handel@biurowe.com.plwww.biurowe.com.pl EX-ZONE Szymon Jeziorskiul. Tomasza Wilsona 30 lok 2B42-202 Cz\u0119stochowaTel.: 721 542 304e-mail: : m.strzelecki@exzone.plwww.exzone.pl EX-ZONE Szymon Jeziorskiul. Franciszka \u017bwirki 3006-500 M\u0142awaTel.: 721&nbsp;542 300e-mail: : j.jeziorski@exzone.plwww.exzone.pl EX-ZONE Szymon Jeziorskiul. Rajmunda Rembieli\u0144skiego 1009-400 P\u0142ockTel.: 721&nbsp;542&nbsp;301e-mail: : m.ciarkowska@exzone.plwww.exzone.pl SACAR Sp. z o.o.ul. Kolejowa 1636-040 Boguchwa\u0142atel. 17&nbsp;862 90 30, 530&nbsp;181 &hellip; <\/p>\n<p class=\"link-more\"><a href=\"https:\/\/topmegaline.pl\/index.php\/dystrybutorzy\/\" class=\"more-link\">Czytaj dalej<span class=\"screen-reader-text\"> \u201eDystrybutorzy\u201d<\/span><\/a><\/p>\n","protected":false},"author":1,"featured_media":0,"parent":0,"menu_order":0,"comment_status":"closed","ping_status":"closed","template":"","meta":{"footnotes":""},"class_list":["post-252","page","type-page","status-publish","hentry"],"yoast_head":"<!-- This site is optimized with the Yoast SEO plugin v24.8.1 - https:\/\/yoast.com\/wordpress\/plugins\/seo\/ -->\n<title>Dystrybutorzy - Top mega line<\/title>\n<meta name=\"robots\" content=\"index, follow, max-snippet:-1, max-image-preview:large, max-video-preview:-1\" \/>\n<link rel=\"canonical\" href=\"https:\/\/topmegaline.pl\/index.php\/dystrybutorzy\/\" \/>\n<meta property=\"og:locale\" content=\"pl_PL\" \/>\n<meta property=\"og:type\" content=\"article\" \/>\n<meta property=\"og:title\" content=\"Dystrybutorzy - Top mega line\" \/>\n<meta property=\"og:description\" content=\"BIUROWE.COM.PLul. \u015aciegiennego 740-114 Katowicetel. 32 255 54 15e-mail: handel@biurowe.com.plwww.biurowe.com.pl EX-ZONE Szymon Jeziorskiul. Tomasza Wilsona 30 lok 2B42-202 Cz\u0119stochowaTel.: 721 542 304e-mail: : m.strzelecki@exzone.plwww.exzone.pl EX-ZONE Szymon Jeziorskiul. Franciszka \u017bwirki 3006-500 M\u0142awaTel.: 721&nbsp;542 300e-mail: : j.jeziorski@exzone.plwww.exzone.pl EX-ZONE Szymon Jeziorskiul. Rajmunda Rembieli\u0144skiego 1009-400 P\u0142ockTel.: 721&nbsp;542&nbsp;301e-mail: : m.ciarkowska@exzone.plwww.exzone.pl SACAR Sp. z o.o.ul. Kolejowa 1636-040 Boguchwa\u0142atel. 17&nbsp;862 90 30, 530&nbsp;181 &hellip; Czytaj dalej \u201eDystrybutorzy\u201d\" \/>\n<meta property=\"og:url\" content=\"https:\/\/topmegaline.pl\/index.php\/dystrybutorzy\/\" \/>\n<meta property=\"og:site_name\" content=\"Top mega line\" \/>\n<meta property=\"article:modified_time\" content=\"2023-08-16T07:06:12+00:00\" \/>\n<meta name=\"twitter:card\" content=\"summary_large_image\" \/>\n<meta name=\"twitter:label1\" content=\"Szacowany czas czytania\" \/>\n\t<meta name=\"twitter:data1\" content=\"1 minuta\" \/>\n<script type=\"application\/ld+json\" class=\"yoast-schema-graph\">{\"@context\":\"https:\/\/schema.org\",\"@graph\":[{\"@type\":\"WebPage\",\"@id\":\"https:\/\/topmegaline.pl\/index.php\/dystrybutorzy\/\",\"url\":\"https:\/\/topmegaline.pl\/index.php\/dystrybutorzy\/\",\"name\":\"Dystrybutorzy - Top mega line\",\"isPartOf\":{\"@id\":\"https:\/\/topmegaline.pl\/#website\"},\"datePublished\":\"2022-06-21T13:16:22+00:00\",\"dateModified\":\"2023-08-16T07:06:12+00:00\",\"breadcrumb\":{\"@id\":\"https:\/\/topmegaline.pl\/index.php\/dystrybutorzy\/#breadcrumb\"},\"inLanguage\":\"pl-PL\",\"potentialAction\":[{\"@type\":\"ReadAction\",\"target\":[\"https:\/\/topmegaline.pl\/index.php\/dystrybutorzy\/\"]}]},{\"@type\":\"BreadcrumbList\",\"@id\":\"https:\/\/topmegaline.pl\/index.php\/dystrybutorzy\/#breadcrumb\",\"itemListElement\":[{\"@type\":\"ListItem\",\"position\":1,\"name\":\"Strona g\u0142\u00f3wna\",\"item\":\"https:\/\/topmegaline.pl\/\"},{\"@type\":\"ListItem\",\"position\":2,\"name\":\"Dystrybutorzy\"}]},{\"@type\":\"WebSite\",\"@id\":\"https:\/\/topmegaline.pl\/#website\",\"url\":\"https:\/\/topmegaline.pl\/\",\"name\":\"Top mega line\",\"description\":\"Nowy styl i lepsza jako\u015b\u0107 sprz\u0105tania!\",\"publisher\":{\"@id\":\"https:\/\/topmegaline.pl\/#organization\"},\"potentialAction\":[{\"@type\":\"SearchAction\",\"target\":{\"@type\":\"EntryPoint\",\"urlTemplate\":\"https:\/\/topmegaline.pl\/?s={search_term_string}\"},\"query-input\":{\"@type\":\"PropertyValueSpecification\",\"valueRequired\":true,\"valueName\":\"search_term_string\"}}],\"inLanguage\":\"pl-PL\"},{\"@type\":\"Organization\",\"@id\":\"https:\/\/topmegaline.pl\/#organization\",\"name\":\"Top mega line\",\"url\":\"https:\/\/topmegaline.pl\/\",\"logo\":{\"@type\":\"ImageObject\",\"inLanguage\":\"pl-PL\",\"@id\":\"https:\/\/topmegaline.pl\/#\/schema\/logo\/image\/\",\"url\":\"https:\/\/topmegaline.pl\/wp-content\/uploads\/2022\/06\/cropped-logo6.png\",\"contentUrl\":\"https:\/\/topmegaline.pl\/wp-content\/uploads\/2022\/06\/cropped-logo6.png\",\"width\":250,\"height\":250,\"caption\":\"Top mega line\"},\"image\":{\"@id\":\"https:\/\/topmegaline.pl\/#\/schema\/logo\/image\/\"}}]}<\/script>\n<!-- \/ Yoast SEO plugin. -->","yoast_head_json":{"title":"Dystrybutorzy - Top mega line","robots":{"index":"index","follow":"follow","max-snippet":"max-snippet:-1","max-image-preview":"max-image-preview:large","max-video-preview":"max-video-preview:-1"},"canonical":"https:\/\/topmegaline.pl\/index.php\/dystrybutorzy\/","og_locale":"pl_PL","og_type":"article","og_title":"Dystrybutorzy - Top mega line","og_description":"BIUROWE.COM.PLul. \u015aciegiennego 740-114 Katowicetel. 32 255 54 15e-mail: handel@biurowe.com.plwww.biurowe.com.pl EX-ZONE Szymon Jeziorskiul. Tomasza Wilsona 30 lok 2B42-202 Cz\u0119stochowaTel.: 721 542 304e-mail: : m.strzelecki@exzone.plwww.exzone.pl EX-ZONE Szymon Jeziorskiul. Franciszka \u017bwirki 3006-500 M\u0142awaTel.: 721&nbsp;542 300e-mail: : j.jeziorski@exzone.plwww.exzone.pl EX-ZONE Szymon Jeziorskiul. Rajmunda Rembieli\u0144skiego 1009-400 P\u0142ockTel.: 721&nbsp;542&nbsp;301e-mail: : m.ciarkowska@exzone.plwww.exzone.pl SACAR Sp. z o.o.ul. Kolejowa 1636-040 Boguchwa\u0142atel. 17&nbsp;862 90 30, 530&nbsp;181 &hellip; Czytaj dalej \u201eDystrybutorzy\u201d","og_url":"https:\/\/topmegaline.pl\/index.php\/dystrybutorzy\/","og_site_name":"Top mega line","article_modified_time":"2023-08-16T07:06:12+00:00","twitter_card":"summary_large_image","twitter_misc":{"Szacowany czas czytania":"1 minuta"},"schema":{"@context":"https:\/\/schema.org","@graph":[{"@type":"WebPage","@id":"https:\/\/topmegaline.pl\/index.php\/dystrybutorzy\/","url":"https:\/\/topmegaline.pl\/index.php\/dystrybutorzy\/","name":"Dystrybutorzy - Top mega line","isPartOf":{"@id":"https:\/\/topmegaline.pl\/#website"},"datePublished":"2022-06-21T13:16:22+00:00","dateModified":"2023-08-16T07:06:12+00:00","breadcrumb":{"@id":"https:\/\/topmegaline.pl\/index.php\/dystrybutorzy\/#breadcrumb"},"inLanguage":"pl-PL","potentialAction":[{"@type":"ReadAction","target":["https:\/\/topmegaline.pl\/index.php\/dystrybutorzy\/"]}]},{"@type":"BreadcrumbList","@id":"https:\/\/topmegaline.pl\/index.php\/dystrybutorzy\/#breadcrumb","itemListElement":[{"@type":"ListItem","position":1,"name":"Strona g\u0142\u00f3wna","item":"https:\/\/topmegaline.pl\/"},{"@type":"ListItem","position":2,"name":"Dystrybutorzy"}]},{"@type":"WebSite","@id":"https:\/\/topmegaline.pl\/#website","url":"https:\/\/topmegaline.pl\/","name":"Top mega line","description":"Nowy styl i lepsza jako\u015b\u0107 sprz\u0105tania!","publisher":{"@id":"https:\/\/topmegaline.pl\/#organization"},"potentialAction":[{"@type":"SearchAction","target":{"@type":"EntryPoint","urlTemplate":"https:\/\/topmegaline.pl\/?s={search_term_string}"},"query-input":{"@type":"PropertyValueSpecification","valueRequired":true,"valueName":"search_term_string"}}],"inLanguage":"pl-PL"},{"@type":"Organization","@id":"https:\/\/topmegaline.pl\/#organization","name":"Top mega line","url":"https:\/\/topmegaline.pl\/","logo":{"@type":"ImageObject","inLanguage":"pl-PL","@id":"https:\/\/topmegaline.pl\/#\/schema\/logo\/image\/","url":"https:\/\/topmegaline.pl\/wp-content\/uploads\/2022\/06\/cropped-logo6.png","contentUrl":"https:\/\/topmegaline.pl\/wp-content\/uploads\/2022\/06\/cropped-logo6.png","width":250,"height":250,"caption":"Top mega line"},"image":{"@id":"https:\/\/topmegaline.pl\/#\/schema\/logo\/image\/"}}]}},"_links":{"self":[{"href":"https:\/\/topmegaline.pl\/index.php\/wp-json\/wp\/v2\/pages\/252","targetHints":{"allow":["GET"]}}],"collection":[{"href":"https:\/\/topmegaline.pl\/index.php\/wp-json\/wp\/v2\/pages"}],"about":[{"href":"https:\/\/topmegaline.pl\/index.php\/wp-json\/wp\/v2\/types\/page"}],"author":[{"embeddable":true,"href":"https:\/\/topmegaline.pl\/index.php\/wp-json\/wp\/v2\/users\/1"}],"replies":[{"embeddable":true,"href":"https:\/\/topmegaline.pl\/index.php\/wp-json\/wp\/v2\/comments?post=252"}],"version-history":[{"count":11,"href":"https:\/\/topmegaline.pl\/index.php\/wp-json\/wp\/v2\/pages\/252\/revisions"}],"predecessor-version":[{"id":375,"href":"https:\/\/topmegaline.pl\/index.php\/wp-json\/wp\/v2\/pages\/252\/revisions\/375"}],"wp:attachment":[{"href":"https:\/\/topmegaline.pl\/index.php\/wp-json\/wp\/v2\/media?parent=252"}],"curies":[{"name":"wp","href":"https:\/\/api.w.org\/{rel}","templated":true}]}}